{"id":2270,"date":"2023-10-02T15:05:23","date_gmt":"2023-10-02T13:05:23","guid":{"rendered":"http:\/\/www.ornellamolon.it\/shop\/uncategorized\/prosecco-spumante-extra-dry-doc-treviso\/"},"modified":"2023-10-16T14:19:09","modified_gmt":"2023-10-16T14:19:09","slug":"prosecco-spumante-extra-dry-doc-treviso","status":"publish","type":"product","link":"https:\/\/www.ornellamolon.it\/en\/shop\/sparkling-wines\/prosecco-spumante-extra-dry-doc-treviso\/","title":{"rendered":"Prosecco Spumante Extra Dry DOC Treviso"},"content":{"rendered":"","protected":false},"excerpt":{"rendered":"<p>This is the classic Prosecco, the version which combines the varietal acidity with the lively tanginess of the sparkle. Brilliant straw yellow in colour enhanced by the perlage. The bouquet is fresh and highly perfumed&#8230;<\/p>\n","protected":false},"featured_media":2141,"comment_status":"closed","ping_status":"closed","template":"","meta":{"_acf_changed":false,"ocean_post_layout":"","ocean_both_sidebars_style":"","ocean_both_sidebars_content_width":0,"ocean_both_sidebars_sidebars_width":0,"ocean_sidebar":"0","ocean_second_sidebar":"0","ocean_disable_margins":"enable","ocean_add_body_class":"","ocean_shortcode_before_top_bar":"","ocean_shortcode_after_top_bar":"","ocean_shortcode_before_header":"","ocean_shortcode_after_header":"","ocean_has_shortcode":"","ocean_shortcode_after_title":"","ocean_shortcode_before_footer_widgets":"","ocean_shortcode_after_footer_widgets":"","ocean_shortcode_before_footer_bottom":"","ocean_shortcode_after_footer_bottom":"","ocean_display_top_bar":"default","ocean_display_header":"default","ocean_header_style":"","ocean_center_header_left_menu":"0","ocean_custom_header_template":"0","ocean_custom_logo":0,"ocean_custom_retina_logo":0,"ocean_custom_logo_max_width":0,"ocean_custom_logo_tablet_max_width":0,"ocean_custom_logo_mobile_max_width":0,"ocean_custom_logo_max_height":0,"ocean_custom_logo_tablet_max_height":0,"ocean_custom_logo_mobile_max_height":0,"ocean_header_custom_menu":"0","ocean_menu_typo_font_family":"0","ocean_menu_typo_font_subset":"","ocean_menu_typo_font_size":0,"ocean_menu_typo_font_size_tablet":0,"ocean_menu_typo_font_size_mobile":0,"ocean_menu_typo_font_size_unit":"px","ocean_menu_typo_font_weight":"","ocean_menu_typo_font_weight_tablet":"","ocean_menu_typo_font_weight_mobile":"","ocean_menu_typo_transform":"","ocean_menu_typo_transform_tablet":"","ocean_menu_typo_transform_mobile":"","ocean_menu_typo_line_height":0,"ocean_menu_typo_line_height_tablet":0,"ocean_menu_typo_line_height_mobile":0,"ocean_menu_typo_line_height_unit":"","ocean_menu_typo_spacing":0,"ocean_menu_typo_spacing_tablet":0,"ocean_menu_typo_spacing_mobile":0,"ocean_menu_typo_spacing_unit":"","ocean_menu_link_color":"","ocean_menu_link_color_hover":"","ocean_menu_link_color_active":"","ocean_menu_link_background":"","ocean_menu_link_hover_background":"","ocean_menu_link_active_background":"","ocean_menu_social_links_bg":"","ocean_menu_social_hover_links_bg":"","ocean_menu_social_links_color":"","ocean_menu_social_hover_links_color":"","ocean_disable_title":"default","ocean_disable_heading":"default","ocean_post_title":"","ocean_post_subheading":"","ocean_post_title_style":"","ocean_post_title_background_color":"","ocean_post_title_background":0,"ocean_post_title_bg_image_position":"","ocean_post_title_bg_image_attachment":"","ocean_post_title_bg_image_repeat":"","ocean_post_title_bg_image_size":"","ocean_post_title_height":0,"ocean_post_title_bg_overlay":0.5,"ocean_post_title_bg_overlay_color":"","ocean_disable_breadcrumbs":"default","ocean_breadcrumbs_color":"","ocean_breadcrumbs_separator_color":"","ocean_breadcrumbs_links_color":"","ocean_breadcrumbs_links_hover_color":"","ocean_display_footer_widgets":"default","ocean_display_footer_bottom":"default","ocean_custom_footer_template":"0"},"product_brand":[],"product_cat":[88],"product_tag":[],"class_list":{"0":"post-2270","1":"product","2":"type-product","3":"status-publish","4":"has-post-thumbnail","6":"product_cat-sparkling-wines","7":"entry","8":"has-media","10":"first","11":"instock","12":"shipping-taxable","13":"purchasable","14":"product-type-simple"},"acf":[],"yoast_head":"<!-- This site is optimized with the Yoast SEO plugin v27.2 - https:\/\/yoast.com\/product\/yoast-seo-wordpress\/ -->\n<title>Prosecco Spumante Extra Dry DOC Treviso - Ornella Molon<\/title>\n<meta name=\"description\" content=\"E\u2019 il Prosecco \u201cclassico\u201d, la versione che combina l\u2019acidit\u00e0 varietale con la sapidit\u00e0 esaltata dalle bollicine. Il colore \u00e8 giallo paglierino brillante ravvivato dal perlage. L\u2019aromaticit\u00e0 \u00e8 fresca e ricca di profumi di frutta, mela,...\" \/>\n<meta name=\"robots\" content=\"index, follow, max-snippet:-1, max-image-preview:large, max-video-preview:-1\" \/>\n<link rel=\"canonical\" href=\"https:\/\/www.ornellamolon.it\/en\/shop\/sparkling-wines\/prosecco-spumante-extra-dry-doc-treviso\/\" \/>\n<meta property=\"og:locale\" content=\"en_US\" \/>\n<meta property=\"og:type\" content=\"article\" \/>\n<meta property=\"og:title\" content=\"Prosecco Spumante Extra Dry DOC Treviso - Ornella Molon\" \/>\n<meta property=\"og:description\" content=\"E\u2019 il Prosecco \u201cclassico\u201d, la versione che combina l\u2019acidit\u00e0 varietale con la sapidit\u00e0 esaltata dalle bollicine. Il colore \u00e8 giallo paglierino brillante ravvivato dal perlage. L\u2019aromaticit\u00e0 \u00e8 fresca e ricca di profumi di frutta, mela,...\" \/>\n<meta property=\"og:url\" content=\"https:\/\/www.ornellamolon.it\/en\/shop\/sparkling-wines\/prosecco-spumante-extra-dry-doc-treviso\/\" \/>\n<meta property=\"og:site_name\" content=\"Ornella Molon\" \/>\n<meta property=\"article:publisher\" content=\"https:\/\/www.facebook.com\/ornellamolonwines\" \/>\n<meta property=\"article:modified_time\" content=\"2023-10-16T14:19:09+00:00\" \/>\n<meta property=\"og:image\" content=\"https:\/\/www.ornellamolon.it\/wp-content\/uploads\/2023\/10\/prosecco-extra-dry-ornella-molon.webp\" \/>\n\t<meta property=\"og:image:width\" content=\"300\" \/>\n\t<meta property=\"og:image:height\" content=\"300\" \/>\n\t<meta property=\"og:image:type\" content=\"image\/webp\" \/>\n<meta name=\"twitter:card\" content=\"summary_large_image\" \/>\n<script type=\"application\/ld+json\" class=\"yoast-schema-graph\">{\"@context\":\"https:\/\/schema.org\",\"@graph\":[{\"@type\":\"WebPage\",\"@id\":\"https:\/\/www.ornellamolon.it\/en\/shop\/sparkling-wines\/prosecco-spumante-extra-dry-doc-treviso\/\",\"url\":\"https:\/\/www.ornellamolon.it\/en\/shop\/sparkling-wines\/prosecco-spumante-extra-dry-doc-treviso\/\",\"name\":\"Prosecco Spumante Extra Dry DOC Treviso - Ornella Molon\",\"isPartOf\":{\"@id\":\"https:\/\/www.ornellamolon.it\/en\/#website\"},\"primaryImageOfPage\":{\"@id\":\"https:\/\/www.ornellamolon.it\/en\/shop\/sparkling-wines\/prosecco-spumante-extra-dry-doc-treviso\/#primaryimage\"},\"image\":{\"@id\":\"https:\/\/www.ornellamolon.it\/en\/shop\/sparkling-wines\/prosecco-spumante-extra-dry-doc-treviso\/#primaryimage\"},\"thumbnailUrl\":\"https:\/\/www.ornellamolon.it\/wp-content\/uploads\/2023\/10\/prosecco-extra-dry-ornella-molon.webp\",\"datePublished\":\"2023-10-02T13:05:23+00:00\",\"dateModified\":\"2023-10-16T14:19:09+00:00\",\"description\":\"E\u2019 il Prosecco \u201cclassico\u201d, la versione che combina l\u2019acidit\u00e0 varietale con la sapidit\u00e0 esaltata dalle bollicine. Il colore \u00e8 giallo paglierino brillante ravvivato dal perlage. L\u2019aromaticit\u00e0 \u00e8 fresca e ricca di profumi di frutta, mela,...\",\"breadcrumb\":{\"@id\":\"https:\/\/www.ornellamolon.it\/en\/shop\/sparkling-wines\/prosecco-spumante-extra-dry-doc-treviso\/#breadcrumb\"},\"inLanguage\":\"en-US\",\"potentialAction\":[{\"@type\":\"ReadAction\",\"target\":[\"https:\/\/www.ornellamolon.it\/en\/shop\/sparkling-wines\/prosecco-spumante-extra-dry-doc-treviso\/\"]}]},{\"@type\":\"ImageObject\",\"inLanguage\":\"en-US\",\"@id\":\"https:\/\/www.ornellamolon.it\/en\/shop\/sparkling-wines\/prosecco-spumante-extra-dry-doc-treviso\/#primaryimage\",\"url\":\"https:\/\/www.ornellamolon.it\/wp-content\/uploads\/2023\/10\/prosecco-extra-dry-ornella-molon.webp\",\"contentUrl\":\"https:\/\/www.ornellamolon.it\/wp-content\/uploads\/2023\/10\/prosecco-extra-dry-ornella-molon.webp\",\"width\":300,\"height\":300,\"caption\":\"prosecco-extra-dry-ornella-molon\"},{\"@type\":\"BreadcrumbList\",\"@id\":\"https:\/\/www.ornellamolon.it\/en\/shop\/sparkling-wines\/prosecco-spumante-extra-dry-doc-treviso\/#breadcrumb\",\"itemListElement\":[{\"@type\":\"ListItem\",\"position\":1,\"name\":\"Ornella Molon\",\"item\":\"https:\/\/www.ornellamolon.it\/en\/\"},{\"@type\":\"ListItem\",\"position\":2,\"name\":\"Shop\",\"item\":\"https:\/\/www.ornellamolon.it\/en\/shop\/\"},{\"@type\":\"ListItem\",\"position\":3,\"name\":\"Sparkling Wines\",\"item\":\"https:\/\/www.ornellamolon.it\/en\/product-category\/sparkling-wines\/\"},{\"@type\":\"ListItem\",\"position\":4,\"name\":\"Prosecco Spumante Extra Dry DOC Treviso\"}]},{\"@type\":\"WebSite\",\"@id\":\"https:\/\/www.ornellamolon.it\/en\/#website\",\"url\":\"https:\/\/www.ornellamolon.it\/en\/\",\"name\":\"Ornella Molon\",\"description\":\"Vini Bianchi, Vini Rossi, Vini Dolci\",\"potentialAction\":[{\"@type\":\"SearchAction\",\"target\":{\"@type\":\"EntryPoint\",\"urlTemplate\":\"https:\/\/www.ornellamolon.it\/en\/?s={search_term_string}\"},\"query-input\":{\"@type\":\"PropertyValueSpecification\",\"valueRequired\":true,\"valueName\":\"search_term_string\"}}],\"inLanguage\":\"en-US\"}]}<\/script>\n<!-- \/ Yoast SEO plugin. -->","yoast_head_json":{"title":"Prosecco Spumante Extra Dry DOC Treviso - Ornella Molon","description":"E\u2019 il Prosecco \u201cclassico\u201d, la versione che combina l\u2019acidit\u00e0 varietale con la sapidit\u00e0 esaltata dalle bollicine. Il colore \u00e8 giallo paglierino brillante ravvivato dal perlage. L\u2019aromaticit\u00e0 \u00e8 fresca e ricca di profumi di frutta, mela,...","robots":{"index":"index","follow":"follow","max-snippet":"max-snippet:-1","max-image-preview":"max-image-preview:large","max-video-preview":"max-video-preview:-1"},"canonical":"https:\/\/www.ornellamolon.it\/en\/shop\/sparkling-wines\/prosecco-spumante-extra-dry-doc-treviso\/","og_locale":"en_US","og_type":"article","og_title":"Prosecco Spumante Extra Dry DOC Treviso - Ornella Molon","og_description":"E\u2019 il Prosecco \u201cclassico\u201d, la versione che combina l\u2019acidit\u00e0 varietale con la sapidit\u00e0 esaltata dalle bollicine. Il colore \u00e8 giallo paglierino brillante ravvivato dal perlage. L\u2019aromaticit\u00e0 \u00e8 fresca e ricca di profumi di frutta, mela,...","og_url":"https:\/\/www.ornellamolon.it\/en\/shop\/sparkling-wines\/prosecco-spumante-extra-dry-doc-treviso\/","og_site_name":"Ornella Molon","article_publisher":"https:\/\/www.facebook.com\/ornellamolonwines","article_modified_time":"2023-10-16T14:19:09+00:00","og_image":[{"width":300,"height":300,"url":"https:\/\/www.ornellamolon.it\/wp-content\/uploads\/2023\/10\/prosecco-extra-dry-ornella-molon.webp","type":"image\/webp"}],"twitter_card":"summary_large_image","schema":{"@context":"https:\/\/schema.org","@graph":[{"@type":"WebPage","@id":"https:\/\/www.ornellamolon.it\/en\/shop\/sparkling-wines\/prosecco-spumante-extra-dry-doc-treviso\/","url":"https:\/\/www.ornellamolon.it\/en\/shop\/sparkling-wines\/prosecco-spumante-extra-dry-doc-treviso\/","name":"Prosecco Spumante Extra Dry DOC Treviso - Ornella Molon","isPartOf":{"@id":"https:\/\/www.ornellamolon.it\/en\/#website"},"primaryImageOfPage":{"@id":"https:\/\/www.ornellamolon.it\/en\/shop\/sparkling-wines\/prosecco-spumante-extra-dry-doc-treviso\/#primaryimage"},"image":{"@id":"https:\/\/www.ornellamolon.it\/en\/shop\/sparkling-wines\/prosecco-spumante-extra-dry-doc-treviso\/#primaryimage"},"thumbnailUrl":"https:\/\/www.ornellamolon.it\/wp-content\/uploads\/2023\/10\/prosecco-extra-dry-ornella-molon.webp","datePublished":"2023-10-02T13:05:23+00:00","dateModified":"2023-10-16T14:19:09+00:00","description":"E\u2019 il Prosecco \u201cclassico\u201d, la versione che combina l\u2019acidit\u00e0 varietale con la sapidit\u00e0 esaltata dalle bollicine. Il colore \u00e8 giallo paglierino brillante ravvivato dal perlage. L\u2019aromaticit\u00e0 \u00e8 fresca e ricca di profumi di frutta, mela,...","breadcrumb":{"@id":"https:\/\/www.ornellamolon.it\/en\/shop\/sparkling-wines\/prosecco-spumante-extra-dry-doc-treviso\/#breadcrumb"},"inLanguage":"en-US","potentialAction":[{"@type":"ReadAction","target":["https:\/\/www.ornellamolon.it\/en\/shop\/sparkling-wines\/prosecco-spumante-extra-dry-doc-treviso\/"]}]},{"@type":"ImageObject","inLanguage":"en-US","@id":"https:\/\/www.ornellamolon.it\/en\/shop\/sparkling-wines\/prosecco-spumante-extra-dry-doc-treviso\/#primaryimage","url":"https:\/\/www.ornellamolon.it\/wp-content\/uploads\/2023\/10\/prosecco-extra-dry-ornella-molon.webp","contentUrl":"https:\/\/www.ornellamolon.it\/wp-content\/uploads\/2023\/10\/prosecco-extra-dry-ornella-molon.webp","width":300,"height":300,"caption":"prosecco-extra-dry-ornella-molon"},{"@type":"BreadcrumbList","@id":"https:\/\/www.ornellamolon.it\/en\/shop\/sparkling-wines\/prosecco-spumante-extra-dry-doc-treviso\/#breadcrumb","itemListElement":[{"@type":"ListItem","position":1,"name":"Ornella Molon","item":"https:\/\/www.ornellamolon.it\/en\/"},{"@type":"ListItem","position":2,"name":"Shop","item":"https:\/\/www.ornellamolon.it\/en\/shop\/"},{"@type":"ListItem","position":3,"name":"Sparkling Wines","item":"https:\/\/www.ornellamolon.it\/en\/product-category\/sparkling-wines\/"},{"@type":"ListItem","position":4,"name":"Prosecco Spumante Extra Dry DOC Treviso"}]},{"@type":"WebSite","@id":"https:\/\/www.ornellamolon.it\/en\/#website","url":"https:\/\/www.ornellamolon.it\/en\/","name":"Ornella Molon","description":"Vini Bianchi, Vini Rossi, Vini Dolci","potentialAction":[{"@type":"SearchAction","target":{"@type":"EntryPoint","urlTemplate":"https:\/\/www.ornellamolon.it\/en\/?s={search_term_string}"},"query-input":{"@type":"PropertyValueSpecification","valueRequired":true,"valueName":"search_term_string"}}],"inLanguage":"en-US"}]}},"_links":{"self":[{"href":"https:\/\/www.ornellamolon.it\/en\/wp-json\/wp\/v2\/product\/2270","targetHints":{"allow":["GET"]}}],"collection":[{"href":"https:\/\/www.ornellamolon.it\/en\/wp-json\/wp\/v2\/product"}],"about":[{"href":"https:\/\/www.ornellamolon.it\/en\/wp-json\/wp\/v2\/types\/product"}],"replies":[{"embeddable":true,"href":"https:\/\/www.ornellamolon.it\/en\/wp-json\/wp\/v2\/comments?post=2270"}],"version-history":[{"count":1,"href":"https:\/\/www.ornellamolon.it\/en\/wp-json\/wp\/v2\/product\/2270\/revisions"}],"predecessor-version":[{"id":2274,"href":"https:\/\/www.ornellamolon.it\/en\/wp-json\/wp\/v2\/product\/2270\/revisions\/2274"}],"wp:featuredmedia":[{"embeddable":true,"href":"https:\/\/www.ornellamolon.it\/en\/wp-json\/wp\/v2\/media\/2141"}],"wp:attachment":[{"href":"https:\/\/www.ornellamolon.it\/en\/wp-json\/wp\/v2\/media?parent=2270"}],"wp:term":[{"taxonomy":"product_brand","embeddable":true,"href":"https:\/\/www.ornellamolon.it\/en\/wp-json\/wp\/v2\/product_brand?post=2270"},{"taxonomy":"product_cat","embeddable":true,"href":"https:\/\/www.ornellamolon.it\/en\/wp-json\/wp\/v2\/product_cat?post=2270"},{"taxonomy":"product_tag","embeddable":true,"href":"https:\/\/www.ornellamolon.it\/en\/wp-json\/wp\/v2\/product_tag?post=2270"}],"curies":[{"name":"wp","href":"https:\/\/api.w.org\/{rel}","templated":true}]}}